{"id":1331,"date":"2024-07-09T20:29:15","date_gmt":"2024-07-09T20:29:15","guid":{"rendered":"https:\/\/acuritemain.wpenginepowered.com\/?page_id=1331"},"modified":"2025-06-25T19:28:23","modified_gmt":"2025-06-25T19:28:23","slug":"license-agreement","status":"publish","type":"page","link":"https:\/\/acu-ritesolutions.com\/es\/license-agreement\/","title":{"rendered":"Acuerdo de licencia"},"content":{"rendered":"<p><div class=\"fusion-fullwidth fullwidth-box fusion-builder-row-1 fusion-flex-container has-pattern-background has-mask-background nonhundred-percent-fullwidth non-hundred-percent-height-scrolling\" style=\"--awb-border-radius-top-left:0px;--awb-border-radius-top-right:0px;--awb-border-radius-bottom-right:0px;--awb-border-radius-bottom-left:0px;--awb-flex-wrap:wrap;\" ><div class=\"fusion-builder-row fusion-row fusion-flex-align-items-flex-start fusion-flex-justify-content-center fusion-flex-content-wrap\" style=\"max-width:1428.96px;margin-left: calc(-4% \/ 2 );margin-right: calc(-4% \/ 2 );\"><div class=\"fusion-layout-column fusion_builder_column fusion-builder-column-0 fusion_builder_column_1_1 1_1 fusion-flex-column\" style=\"--awb-bg-size:cover;--awb-width-large:100%;--awb-margin-top-large:0px;--awb-spacing-right-large:1.92%;--awb-margin-bottom-large:20px;--awb-spacing-left-large:1.92%;--awb-width-medium:100%;--awb-order-medium:0;--awb-spacing-right-medium:1.92%;--awb-spacing-left-medium:1.92%;--awb-width-small:100%;--awb-order-small:0;--awb-spacing-right-small:1.92%;--awb-spacing-left-small:1.92%;\" id=\"download_sw\" data-scroll-devices=\"small-visibility,medium-visibility,large-visibility\"><div class=\"fusion-column-wrapper fusion-column-has-shadow fusion-flex-justify-content-flex-start fusion-content-layout-column\"><div class=\"fusion-image-element\" style=\"--awb-caption-title-font-family:var(--h2_typography-font-family);--awb-caption-title-font-weight:var(--h2_typography-font-weight);--awb-caption-title-font-style:var(--h2_typography-font-style);--awb-caption-title-size:var(--h2_typography-font-size);--awb-caption-title-transform:var(--h2_typography-text-transform);--awb-caption-title-line-height:var(--h2_typography-line-height);--awb-caption-title-letter-spacing:var(--h2_typography-letter-spacing);\"><span class=\"fusion-imageframe imageframe-none imageframe-1 hover-type-none\"><img decoding=\"async\" width=\"232\" height=\"63\" title=\"Logotipo de Acu-Rite Solutions\" src=\"https:\/\/acu-ritesolutions.com\/wp-content\/uploads\/2024\/05\/Acu-Rite-Solutions-Logo.svg\" alt class=\"img-responsive wp-image-32\"\/><\/span><\/div><div class=\"fusion-text fusion-text-1\" style=\"--awb-margin-left:70px;\"><p>1-847-490-1191<\/p>\n<\/div><\/div><\/div><div class=\"fusion-layout-column fusion_builder_column fusion-builder-column-1 fusion_builder_column_1_1 1_1 fusion-flex-column fusion-flex-align-self-center\" style=\"--awb-bg-size:cover;--awb-width-large:100%;--awb-margin-top-large:0px;--awb-spacing-right-large:1.92%;--awb-margin-bottom-large:20px;--awb-spacing-left-large:1.92%;--awb-width-medium:100%;--awb-order-medium:0;--awb-spacing-right-medium:1.92%;--awb-spacing-left-medium:1.92%;--awb-width-small:100%;--awb-order-small:0;--awb-spacing-right-small:1.92%;--awb-spacing-left-small:1.92%;\" data-scroll-devices=\"small-visibility,medium-visibility,large-visibility\"><div class=\"fusion-column-wrapper fusion-column-has-shadow fusion-flex-justify-content-center fusion-content-layout-column\"><\/div><\/div><\/div><\/div><div class=\"fusion-fullwidth fullwidth-box fusion-builder-row-2 fusion-flex-container has-pattern-background has-mask-background nonhundred-percent-fullwidth non-hundred-percent-height-scrolling\" style=\"--awb-border-radius-top-left:0px;--awb-border-radius-top-right:0px;--awb-border-radius-bottom-right:0px;--awb-border-radius-bottom-left:0px;--awb-flex-wrap:wrap;\" id=\"licence_agree\" ><div class=\"fusion-builder-row fusion-row fusion-flex-align-items-flex-start fusion-flex-content-wrap\" style=\"max-width:1428.96px;margin-left: calc(-4% \/ 2 );margin-right: calc(-4% \/ 2 );\"><div class=\"fusion-layout-column fusion_builder_column fusion-builder-column-2 fusion_builder_column_1_1 1_1 fusion-flex-column\" style=\"--awb-bg-size:cover;--awb-width-large:100%;--awb-margin-top-large:0px;--awb-spacing-right-large:1.92%;--awb-margin-bottom-large:20px;--awb-spacing-left-large:1.92%;--awb-width-medium:100%;--awb-order-medium:0;--awb-spacing-right-medium:1.92%;--awb-spacing-left-medium:1.92%;--awb-width-small:100%;--awb-order-small:0;--awb-spacing-right-small:1.92%;--awb-spacing-left-small:1.92%;\"><div class=\"fusion-column-wrapper fusion-column-has-shadow fusion-flex-justify-content-flex-start fusion-content-layout-column\"><div class=\"fusion-form fusion-form-builder fusion-form-form-wrapper fusion-form-1332\" style=\"--awb-tooltip-text-color:#ffffff;--awb-tooltip-background-color:#333333;\" data-form-id=\"1332\" data-config=\"{&quot;form_id&quot;:&quot;1332&quot;,&quot;form_post_id&quot;:&quot;1332&quot;,&quot;post_id&quot;:1331,&quot;form_type&quot;:&quot;post&quot;,&quot;confirmation_type&quot;:&quot;message&quot;,&quot;redirect_url&quot;:&quot;&quot;,&quot;field_labels&quot;:{&quot;agree&quot;:&quot;&quot;},&quot;field_logics&quot;:{&quot;agree&quot;:&quot;&quot;},&quot;field_types&quot;:{&quot;agree&quot;:&quot;checkbox&quot;,&quot;ID&quot;:&quot;hidden&quot;,&quot;submit_1&quot;:&quot;submit&quot;},&quot;nonce_method&quot;:&quot;ajax&quot;}\"><form action=\"https:\/\/acu-ritesolutions.com\/es\/license-agreement\/\" method=\"post\" class=\"fusion-form fusion-form-1332\" data-trp-original-action=\"https:\/\/acu-ritesolutions.com\/es\/license-agreement\/\"><div class=\"fusion-fullwidth fullwidth-box fusion-builder-row-2-1 fusion-flex-container has-pattern-background has-mask-background licence_agree nonhundred-percent-fullwidth non-hundred-percent-height-scrolling\" style=\"--awb-border-radius-top-left:0px;--awb-border-radius-top-right:0px;--awb-border-radius-bottom-right:0px;--awb-border-radius-bottom-left:0px;--awb-flex-wrap:wrap;\" ><div class=\"fusion-builder-row fusion-row fusion-flex-align-items-flex-start fusion-flex-content-wrap\" style=\"width:104% !important;max-width:104% !important;margin-left: calc(-4% \/ 2 );margin-right: calc(-4% \/ 2 );\"><div class=\"fusion-layout-column fusion_builder_column fusion-builder-column-3 fusion_builder_column_1_1 1_1 fusion-flex-column\" style=\"--awb-bg-size:cover;--awb-width-large:100%;--awb-margin-top-large:0px;--awb-spacing-right-large:1.92%;--awb-margin-bottom-large:20px;--awb-spacing-left-large:1.92%;--awb-width-medium:100%;--awb-order-medium:0;--awb-spacing-right-medium:1.92%;--awb-spacing-left-medium:1.92%;--awb-width-small:100%;--awb-order-small:0;--awb-spacing-right-small:1.92%;--awb-spacing-left-small:1.92%;\"><div class=\"fusion-column-wrapper fusion-column-has-shadow fusion-flex-justify-content-flex-start fusion-content-layout-column\"><div class=\"fusion-text fusion-text-2\"><h1>Acuerdo de licencia<\/h1>\n<div>\n<h2 align=\"center\">ACUERDO DE LICENCIA DE SOFTWARE DE HEIDENHAIN<\/h2>\n<p>POR FAVOR LEA ATENTAMENTE: AL DESCARGAR CUALQUIERA DE LOS SOFTWARE QUE SE ENCUENTRAN EN\u00a0<a href=\"https:\/\/www.heidenhain.com\/service\/downloads\/software\">https:\/\/www.heidenhain.com\/service\/downloads\/software<\/a>\u00a0(EL \u201cSOFTWARE\u201d) USTED ACEPTA LOS T\u00c9RMINOS DE LICENCIA ESTABLECIDOS A CONTINUACI\u00d3N. SI NO ACEPTA LOS T\u00c9RMINOS DE LICENCIA QUE SE ESTABLECEN A CONTINUACI\u00d3N, NO SE LE PERMITE DESCARGAR O UTILIZAR EL SOFTWARE.<\/p>\n<p>1. Concesi\u00f3n de licencia. HEIDENHAIN Corporation, una corporaci\u00f3n de Illinois (\u201cHEIDENHAIN\u201d) otorga por la presente, y al descargar el Software usted acepta por la presente, una licencia no exclusiva, intransferible e intransferible para utilizar el Software. Los \u00fanicos derechos otorgados bajo esta Licencia son los de descargar e instalar el Software para su uso en conjunto con el funcionamiento de los productos de HEIDENHAIN. HEIDENHAIN no proporciona servicios ni soporte t\u00e9cnico para dicho Software. Como condici\u00f3n espec\u00edfica de esta licencia, usted acepta utilizar el Software de conformidad con todas las leyes aplicables, incluidas las leyes de derechos de autor, y que no copiar\u00e1, transmitir\u00e1 ni distribuir\u00e1 su contenido en su totalidad o en parte sin obtener todas las licencias o permisos necesarios de HEIDENHAIN.<\/p>\n<p>2. Restricciones. No se permite la concesi\u00f3n de sublicencias. No podr\u00e1 reproducir ni organizar el Software de forma permanente ni temporal, distribuir el Software o copias del Software a otros (incluida la distribuci\u00f3n en Internet), transferir electr\u00f3nicamente el Software de un ordenador a otro a trav\u00e9s de una red o intentar de cualquier modo eludir el sistema de protecci\u00f3n incorporado en el Software. No podr\u00e1 comunicar el Software al p\u00fablico, por ejemplo, publicar o poner a disposici\u00f3n de cualquier otra forma el Software, o cualquier parte del mismo, en cualquier forma, en Internet. A menos que lo permitan las leyes aplicables obligatorias, no podr\u00e1 descompilar el Software ni aislar partes del mismo. No podr\u00e1 eliminar ni modificar los avisos de derechos de autor, los n\u00fameros de serie y otras caracter\u00edsticas utilizadas para la identificaci\u00f3n del programa. No podr\u00e1 utilizar el Software en un negocio de servicios inform\u00e1ticos, incluidas las aplicaciones de tiempo compartido. El Software contiene secretos comerciales y, para protegerlos, no podr\u00e1 descompilarlo, aplicar ingenier\u00eda inversa, desensamblarlo ni reducirlo de otro modo a una forma perceptible para los humanos. NO PUEDE MODIFICAR, ADAPTAR, TRADUCIR, ALQUILAR, ARRENDAR, PRESTAR, REVENDER CON FINES DE LUCRO, DISTRIBUIR, CONECTAR EN RED O CREAR TRABAJOS DERIVADOS BASADOS EN EL SOFTWARE O CUALQUIER PARTE DEL MISMO.<\/p>\n<p>3. Propiedad del Software. El Software es y seguir\u00e1 siendo en todo momento propiedad exclusiva de HEIDENHAIN, protegido por la ley de derechos de autor de los EE. UU. y otras leyes aplicables. Usted reconoce y acepta que todos los derechos, t\u00edtulos e intereses en y sobre el Software, incluidos los derechos de propiedad intelectual asociados y derivados de los mismos, son y seguir\u00e1n siendo propiedad exclusiva de HEIDENHAIN. Esta Licencia no le transmite ning\u00fan derecho en ni sobre el Software, sino solo un derecho limitado de uso de dicho Software, revocable por HEIDENHAIN en cualquier momento.<\/p>\n<p>4. Desarrollos. HEIDENHAIN conservar\u00e1 todos los derechos sobre el Software, as\u00ed como todos los derechos sobre cualquier trabajo derivado, mejoras, modificaciones y ampliaciones del mismo.<\/p>\n<p>5. Duraci\u00f3n y terminaci\u00f3n. Esta Licencia entra en vigor a partir de la fecha en que usted descargue el Software. El p\u00e1rrafo 1 anterior terminar\u00e1 inmediatamente si usted no cumple con alguna disposici\u00f3n de este Acuerdo de Licencia de Software. Al terminar esta Licencia, usted acepta destruir todas las copias del Software, siempre que, sin embargo, no est\u00e9 obligado a destruir las copias del Software contenidas en su medio de respaldo autom\u00e1tico o en cualquier respaldo archivado del sistema inform\u00e1tico. Usted deber\u00e1 certificar dicha destrucci\u00f3n a HEIDENHAIN dentro de los diez (10) d\u00edas siguientes a la terminaci\u00f3n de esta Licencia.<\/p>\n<p>6. Garant\u00eda limitada: EL SOFTWARE SE PROPORCIONA &quot;TAL CUAL&quot; Y SIN GARANT\u00cdA DE NING\u00daN TIPO. HEIDENHAIN RENUNCIA A TODAS LAS GARANT\u00cdAS, YA SEAN EXPRESAS O IMPL\u00cdCITAS. ESTA EXENCI\u00d3N DE GARANT\u00cdA CONSTITUYE UNA PARTE ESENCIAL DE ESTE ACUERDO DE LICENCIA DE SOFTWARE. Las \u00fanicas garant\u00edas proporcionadas por HEIDENHAIN son las garant\u00edas limitadas proporcionadas en los productos HEIDENHAIN utilizados junto con el Software. Algunos estados no permiten la exclusi\u00f3n de garant\u00edas impl\u00edcitas o limitaciones sobre la duraci\u00f3n de una garant\u00eda impl\u00edcita, por lo que las limitaciones anteriores pueden no aplicarse en su caso. Esta garant\u00eda le otorga derechos legales espec\u00edficos y tambi\u00e9n puede tener otros derechos que var\u00edan de un estado a otro.<\/p>\n<p>7. Limitaci\u00f3n de responsabilidad: A MENOS QUE LO EXIJA LA LEY OBLIGATORIA APLICABLE, HEIDENHAIN NO SER\u00c1 RESPONSABLE EN NING\u00daN CASO ANTE USTED POR DA\u00d1OS INCIDENTALES, CONSECUENTES O INDIRECTOS, INCLUYENDO, ENTRE OTROS, P\u00c9RDIDAS DE GANANCIAS, P\u00c9RDIDAS DE AHORROS O P\u00c9RDIDAS DE DATOS, AUNQUE SE HAYA ADVERTIDO A HEIDENHAIN DE LA POSIBILIDAD DE DICHOS DA\u00d1OS, O POR CUALQUIER RECLAMO DE CUALQUIER OTRA PARTE. Algunos estados no permiten la exclusi\u00f3n o limitaci\u00f3n de da\u00f1os especiales, incidentales o consecuentes, por lo que la limitaci\u00f3n o exclusi\u00f3n anterior puede no aplicarse en su caso.<\/p>\n<p>8. Exportaci\u00f3n. Usted reconoce que las leyes y regulaciones de los Estados Unidos y otros pa\u00edses pueden restringir la exportaci\u00f3n y reexportaci\u00f3n del Software. Usted acepta que no exportar\u00e1 ni reexportar\u00e1 el Software ni la documentaci\u00f3n en ninguna forma que infrinja las leyes aplicables de los Estados Unidos y del extranjero.<\/p>\n<p>9. Derechos restringidos del gobierno. Si el software se adquiere seg\u00fan los t\u00e9rminos de un contrato de la GSA, el uso, la reproducci\u00f3n o la divulgaci\u00f3n est\u00e1n sujetos a las restricciones establecidas en el contrato de la GSA correspondiente. Si el software se adquiere seg\u00fan los t\u00e9rminos de un contrato del Departamento de Defensa o de una agencia civil, el uso, la duplicaci\u00f3n o la divulgaci\u00f3n por parte del gobierno est\u00e1n sujetos a las restricciones de este acuerdo de conformidad con el 48 CFR 12.212 de las Regulaciones Federales de Adquisiciones y sus sucesores y el 49 CFR 227.7202-1 del Suplemento de las Regulaciones Federales de Adquisiciones del Departamento de Defensa y sus sucesores.<\/p>\n<p>10. General. Al descargar el Software, usted reconoce que ha le\u00eddo, comprendido y acepta estar sujeto a estos t\u00e9rminos de licencia. Adem\u00e1s, acepta que se trata de la declaraci\u00f3n completa y exclusiva del acuerdo entre HEIDENHAIN y usted, y reemplaza cualquier otra comunicaci\u00f3n entre HEIDENHAIN y usted relacionada con el Software. Ning\u00fan t\u00e9rmino adicional o diferente ser\u00e1 exigible contra HEIDENHAIN a menos que HEIDENHAIN d\u00e9 su consentimiento expreso, incluida una renuncia expresa a los t\u00e9rminos, por escrito y firmada por un funcionario de HEIDENHAIN. Usted asume la plena responsabilidad por el uso del Software y acepta utilizar el Software de manera legal y responsable. Este Acuerdo de Licencia se regir\u00e1 exclusivamente por la ley de Illinois, excepto en lo que respecta a los asuntos de derechos de autor, que est\u00e1n cubiertos por la ley federal. Usted acepta la jurisdicci\u00f3n exclusiva de los tribunales ubicados en el condado de DuPage, Illinois, sobre cualquier demanda, acci\u00f3n o procedimiento que surja de o est\u00e9 relacionado con estos t\u00e9rminos de licencia. Si alguna disposici\u00f3n de este Acuerdo se declara inaplicable en alguna jurisdicci\u00f3n, dicha disposici\u00f3n se considerar\u00e1 separable de este Acuerdo y no afectar\u00e1 al resto del mismo. HEIDENHAIN se reserva todos los derechos sobre el software que no se hayan concedido expresamente en este contrato. No se aplicar\u00e1n sus condiciones generales o las de terceros, incluso si HEIDENHAIN no se opone por separado a su aplicaci\u00f3n en un caso concreto.<\/p>\n<p>11.Divisibilidad. Si cualquier t\u00e9rmino de esta Licencia fuera declarado nulo o inaplicable por cualquier tribunal de jurisdicci\u00f3n competente, dicha declaraci\u00f3n no tendr\u00e1 efecto sobre los t\u00e9rminos restantes del presente.<\/p>\n<p>12. No renuncia. El hecho de que HEIDENHAIN no haga valer ning\u00fan derecho o no emprenda ninguna acci\u00f3n concedida en caso de incumplimiento de las presentes Condiciones no se considerar\u00e1 una renuncia por parte de HEIDENHAIN a hacer valer posteriormente los derechos o a emprender acciones posteriores en caso de incumplimientos futuros.<\/p>\n<\/div>\n<\/div>\n<div class=\"fusion-form-field fusion-form-checkbox-field fusion-form-label-above\" style=\"\" data-form-id=\"1332\"><fieldset><div class=\"fusion-form-checkbox\"><input tabindex=\"\" id=\"checkbox-agree-1-0\" type=\"checkbox\" value=\"Agree\" name=\"agree[]\" class=\"fusion-form-input\" required=\"true\" aria-required=\"true\" data-holds-private-data=\"false\"\/><label for=\"checkbox-agree-1-0\">Acepto los t\u00e9rminos y condiciones.<\/label><\/div><\/fieldset><\/div><div class=\"fusion-form-field fusion-form-hidden-field fusion-form-label-above\" style=\"\" data-form-id=\"1332\"><input type=\"hidden\" autocomplete=\"off\" name=\"ID\" id=\"ID\" value=\"\"  class=\"fusion-form-input\" data-holds-private-data=\"false\"\/><\/div><div class=\"fusion-builder-row fusion-builder-row-inner fusion-row fusion-flex-align-items-flex-start fusion-flex-content-wrap\" style=\"width:104% !important;max-width:104% !important;margin-left: calc(-4% \/ 2 );margin-right: calc(-4% \/ 2 );\"><div class=\"fusion-layout-column fusion_builder_column_inner fusion-builder-nested-column-0 fusion_builder_column_inner_1_5 1_5 fusion-flex-column\" style=\"--awb-bg-size:cover;--awb-width-large:20%;--awb-margin-top-large:0px;--awb-spacing-right-large:9.6%;--awb-margin-bottom-large:20px;--awb-spacing-left-large:9.6%;--awb-width-medium:20%;--awb-order-medium:0;--awb-spacing-right-medium:9.6%;--awb-spacing-left-medium:9.6%;--awb-width-small:100%;--awb-order-small:0;--awb-spacing-right-small:1.92%;--awb-spacing-left-small:1.92%;\" data-scroll-devices=\"small-visibility,medium-visibility,large-visibility\"><div class=\"fusion-column-wrapper fusion-column-has-shadow fusion-flex-justify-content-flex-start fusion-content-layout-row\"><div id=\"download1\" class=\"fusion-form-field fusion-form-submit-field fusion-form-label-above\" style=\"\" data-form-id=\"1332\"><div ><button type=\"submit\" class=\"fusion-button button-flat fusion-button-default-size button-default fusion-button-default button-1 fusion-button-span-no  form-form-submit button-default\" data-form-number=\"1332\" id=\"download1\" tabindex=\"\"><span class=\"fusion-button-text awb-button__text awb-button__text--default\">Entregar<\/span><\/button><\/div><\/div><\/div><\/div><div class=\"fusion-layout-column fusion_builder_column_inner fusion-builder-nested-column-1 fusion_builder_column_inner_1_5 1_5 fusion-flex-column\" style=\"--awb-bg-size:cover;--awb-width-large:20%;--awb-margin-top-large:15px;--awb-spacing-right-large:9.6%;--awb-margin-bottom-large:20px;--awb-spacing-left-large:9.6%;--awb-width-medium:20%;--awb-order-medium:0;--awb-spacing-right-medium:9.6%;--awb-spacing-left-medium:9.6%;--awb-width-small:100%;--awb-order-small:0;--awb-spacing-right-small:1.92%;--awb-spacing-left-small:1.92%;\" data-scroll-devices=\"small-visibility,medium-visibility,large-visibility\"><div class=\"fusion-column-wrapper fusion-column-has-shadow fusion-flex-justify-content-flex-start fusion-content-layout-column\"><div ><a class=\"fusion-button button-flat fusion-button-default-size button-default fusion-button-default button-2 fusion-button-default-span fusion-button-default-type\" target=\"_self\" href=\"https:\/\/acu-ritesolutions.com\/es\/support\/software-updates\/\"><span class=\"fusion-button-text awb-button__text awb-button__text--default\">Cancelar<\/span><\/a><\/div><\/div><\/div><\/div><\/div><\/div><\/div><\/div><input type=\"hidden\" name=\"trp-form-language\" value=\"es\"\/><\/form><\/div><\/div><\/div><\/div><\/div><\/p>","protected":false},"excerpt":{"rendered":"","protected":false},"author":2,"featured_media":0,"parent":0,"menu_order":0,"comment_status":"closed","ping_status":"closed","template":"100-width.php","meta":{"_acf_changed":false,"om_disable_all_campaigns":false,"_mc_calendar":[],"footnotes":""},"class_list":["post-1331","page","type-page","status-publish","hentry"],"acf":[],"yoast_head":"<!-- This site is optimized with the Yoast SEO plugin v27.1.1 - https:\/\/yoast.com\/product\/yoast-seo-wordpress\/ -->\n<title>License Agreement | Acu-Rite Solutions<\/title>\n<meta name=\"description\" content=\"Read Acu-Rite Solutions&#039; License Agreement for terms and conditions about the use of our products and services, including Heidenhain Software.\" \/>\n<meta name=\"robots\" content=\"index, follow, max-snippet:-1, max-image-preview:large, max-video-preview:-1\" \/>\n<link rel=\"canonical\" href=\"https:\/\/acu-ritesolutions.com\/es\/license-agreement\/\" \/>\n<meta property=\"og:locale\" content=\"es_MX\" \/>\n<meta property=\"og:type\" content=\"article\" \/>\n<meta property=\"og:title\" content=\"License Agreement | Acu-Rite Solutions\" \/>\n<meta property=\"og:description\" content=\"Read Acu-Rite Solutions&#039; License Agreement for terms and conditions about the use of our products and services, including Heidenhain Software.\" \/>\n<meta property=\"og:url\" content=\"https:\/\/acu-ritesolutions.com\/es\/license-agreement\/\" \/>\n<meta property=\"og:site_name\" content=\"Acu-Rite Solutions\" \/>\n<meta property=\"article:modified_time\" content=\"2025-06-25T19:28:23+00:00\" \/>\n<meta name=\"twitter:card\" content=\"summary_large_image\" \/>\n<meta name=\"twitter:label1\" content=\"Tiempo de lectura\" \/>\n\t<meta name=\"twitter:data1\" content=\"6 minutos\" \/>\n<script type=\"application\/ld+json\" class=\"yoast-schema-graph\">{\"@context\":\"https:\/\/schema.org\",\"@graph\":[{\"@type\":\"WebPage\",\"@id\":\"https:\/\/acu-ritesolutions.com\/license-agreement\/\",\"url\":\"https:\/\/acu-ritesolutions.com\/license-agreement\/\",\"name\":\"License Agreement | Acu-Rite Solutions\",\"isPartOf\":{\"@id\":\"https:\/\/acu-ritesolutions.com\/#website\"},\"datePublished\":\"2024-07-09T20:29:15+00:00\",\"dateModified\":\"2025-06-25T19:28:23+00:00\",\"description\":\"Read Acu-Rite Solutions' License Agreement for terms and conditions about the use of our products and services, including Heidenhain Software.\",\"breadcrumb\":{\"@id\":\"https:\/\/acu-ritesolutions.com\/license-agreement\/#breadcrumb\"},\"inLanguage\":\"es\",\"potentialAction\":[{\"@type\":\"ReadAction\",\"target\":[\"https:\/\/acu-ritesolutions.com\/license-agreement\/\"]}]},{\"@type\":\"BreadcrumbList\",\"@id\":\"https:\/\/acu-ritesolutions.com\/license-agreement\/#breadcrumb\",\"itemListElement\":[{\"@type\":\"ListItem\",\"position\":1,\"name\":\"Home\",\"item\":\"https:\/\/acu-ritesolutions.com\/\"},{\"@type\":\"ListItem\",\"position\":2,\"name\":\"License Agreement\"}]},{\"@type\":\"WebSite\",\"@id\":\"https:\/\/acu-ritesolutions.com\/#website\",\"url\":\"https:\/\/acu-ritesolutions.com\/\",\"name\":\"Acu-Rite Solutions\",\"description\":\"Acu-Rite\",\"potentialAction\":[{\"@type\":\"SearchAction\",\"target\":{\"@type\":\"EntryPoint\",\"urlTemplate\":\"https:\/\/acu-ritesolutions.com\/?s={search_term_string}\"},\"query-input\":{\"@type\":\"PropertyValueSpecification\",\"valueRequired\":true,\"valueName\":\"search_term_string\"}}],\"inLanguage\":\"es\"}]}<\/script>\n<!-- \/ Yoast SEO plugin. -->","yoast_head_json":{"title":"Acuerdo de licencia | Soluciones Acu-Rite","description":"Lea el Acuerdo de licencia de Acu-Rite Solutions para conocer los t\u00e9rminos y condiciones sobre el uso de nuestros productos y servicios, incluido el software Heidenhain.","robots":{"index":"index","follow":"follow","max-snippet":"max-snippet:-1","max-image-preview":"max-image-preview:large","max-video-preview":"max-video-preview:-1"},"canonical":"https:\/\/acu-ritesolutions.com\/es\/license-agreement\/","og_locale":"es_MX","og_type":"article","og_title":"License Agreement | Acu-Rite Solutions","og_description":"Read Acu-Rite Solutions' License Agreement for terms and conditions about the use of our products and services, including Heidenhain Software.","og_url":"https:\/\/acu-ritesolutions.com\/es\/license-agreement\/","og_site_name":"Acu-Rite Solutions","article_modified_time":"2025-06-25T19:28:23+00:00","twitter_card":"summary_large_image","twitter_misc":{"Tiempo de lectura":"6 minutos"},"schema":{"@context":"https:\/\/schema.org","@graph":[{"@type":"WebPage","@id":"https:\/\/acu-ritesolutions.com\/license-agreement\/","url":"https:\/\/acu-ritesolutions.com\/license-agreement\/","name":"Acuerdo de licencia | Soluciones Acu-Rite","isPartOf":{"@id":"https:\/\/acu-ritesolutions.com\/#website"},"datePublished":"2024-07-09T20:29:15+00:00","dateModified":"2025-06-25T19:28:23+00:00","description":"Lea el Acuerdo de licencia de Acu-Rite Solutions para conocer los t\u00e9rminos y condiciones sobre el uso de nuestros productos y servicios, incluido el software Heidenhain.","breadcrumb":{"@id":"https:\/\/acu-ritesolutions.com\/license-agreement\/#breadcrumb"},"inLanguage":"es","potentialAction":[{"@type":"ReadAction","target":["https:\/\/acu-ritesolutions.com\/license-agreement\/"]}]},{"@type":"BreadcrumbList","@id":"https:\/\/acu-ritesolutions.com\/license-agreement\/#breadcrumb","itemListElement":[{"@type":"ListItem","position":1,"name":"Home","item":"https:\/\/acu-ritesolutions.com\/"},{"@type":"ListItem","position":2,"name":"License Agreement"}]},{"@type":"WebSite","@id":"https:\/\/acu-ritesolutions.com\/#website","url":"https:\/\/acu-ritesolutions.com\/","name":"Soluciones Acu-Rite","description":"Acu-Rito","potentialAction":[{"@type":"SearchAction","target":{"@type":"EntryPoint","urlTemplate":"https:\/\/acu-ritesolutions.com\/?s={search_term_string}"},"query-input":{"@type":"PropertyValueSpecification","valueRequired":true,"valueName":"search_term_string"}}],"inLanguage":"es"}]}},"_links":{"self":[{"href":"https:\/\/acu-ritesolutions.com\/es\/wp-json\/wp\/v2\/pages\/1331","targetHints":{"allow":["GET"]}}],"collection":[{"href":"https:\/\/acu-ritesolutions.com\/es\/wp-json\/wp\/v2\/pages"}],"about":[{"href":"https:\/\/acu-ritesolutions.com\/es\/wp-json\/wp\/v2\/types\/page"}],"author":[{"embeddable":true,"href":"https:\/\/acu-ritesolutions.com\/es\/wp-json\/wp\/v2\/users\/2"}],"replies":[{"embeddable":true,"href":"https:\/\/acu-ritesolutions.com\/es\/wp-json\/wp\/v2\/comments?post=1331"}],"version-history":[{"count":0,"href":"https:\/\/acu-ritesolutions.com\/es\/wp-json\/wp\/v2\/pages\/1331\/revisions"}],"wp:attachment":[{"href":"https:\/\/acu-ritesolutions.com\/es\/wp-json\/wp\/v2\/media?parent=1331"}],"curies":[{"name":"gracias","href":"https:\/\/api.w.org\/{rel}","templated":true}]}}