{"id":1806,"date":"2024-10-29T20:55:29","date_gmt":"2024-10-29T20:55:29","guid":{"rendered":"https:\/\/acu-ritesolutions.com\/?page_id=1806"},"modified":"2026-04-02T13:32:20","modified_gmt":"2026-04-02T13:32:20","slug":"trade-shows-events","status":"publish","type":"page","link":"https:\/\/acu-ritesolutions.com\/es\/insights\/trade-shows-events\/","title":{"rendered":"Ferias y eventos comerciales"},"content":{"rendered":"<p><div class=\"fusion-fullwidth fullwidth-box fusion-builder-row-1 fusion-flex-container has-pattern-background has-mask-background nonhundred-percent-fullwidth non-hundred-percent-height-scrolling\" style=\"--awb-border-radius-top-left:0px;--awb-border-radius-top-right:0px;--awb-border-radius-bottom-right:0px;--awb-border-radius-bottom-left:0px;--awb-flex-wrap:wrap;\" ><div class=\"fusion-builder-row fusion-row fusion-flex-align-items-flex-start fusion-flex-content-wrap\" style=\"max-width:1428.96px;margin-left: calc(-4% \/ 2 );margin-right: calc(-4% \/ 2 );\"><div class=\"fusion-layout-column fusion_builder_column fusion-builder-column-0 fusion_builder_column_1_1 1_1 fusion-flex-column\" style=\"--awb-bg-size:cover;--awb-width-large:100%;--awb-margin-top-large:0px;--awb-spacing-right-large:1.92%;--awb-margin-bottom-large:20px;--awb-spacing-left-large:1.92%;--awb-width-medium:100%;--awb-order-medium:0;--awb-spacing-right-medium:1.92%;--awb-spacing-left-medium:1.92%;--awb-width-small:100%;--awb-order-small:0;--awb-spacing-right-small:1.92%;--awb-spacing-left-small:1.92%;\"><div class=\"fusion-column-wrapper fusion-column-has-shadow fusion-flex-justify-content-flex-start fusion-content-layout-column\"><div class=\"fusion-text fusion-text-1\"><p style=\"text-align: left;\">\u00danase a nosotros en ferias comerciales, exposiciones internas y eventos de la industria.<\/p>\n<\/div><\/div><\/div><\/div><\/div><div class=\"fusion-fullwidth fullwidth-box fusion-builder-row-2 fusion-flex-container has-pattern-background has-mask-background nonhundred-percent-fullwidth non-hundred-percent-height-scrolling\" style=\"--awb-border-radius-top-left:0px;--awb-border-radius-top-right:0px;--awb-border-radius-bottom-right:0px;--awb-border-radius-bottom-left:0px;--awb-margin-bottom:50px;--awb-flex-wrap:wrap;\" ><div class=\"fusion-builder-row fusion-row fusion-flex-align-items-center fusion-flex-justify-content-center fusion-flex-content-wrap\" style=\"max-width:1428.96px;margin-left: calc(-4% \/ 2 );margin-right: calc(-4% \/ 2 );\"><div class=\"fusion-layout-column fusion_builder_column fusion-builder-column-1 fusion_builder_column_1_1 1_1 fusion-flex-column\" style=\"--awb-bg-size:cover;--awb-width-large:100%;--awb-margin-top-large:0px;--awb-spacing-right-large:1.92%;--awb-margin-bottom-large:20px;--awb-spacing-left-large:1.92%;--awb-width-medium:100%;--awb-order-medium:0;--awb-spacing-right-medium:1.92%;--awb-spacing-left-medium:1.92%;--awb-width-small:100%;--awb-order-small:0;--awb-spacing-right-small:1.92%;--awb-spacing-left-small:1.92%;\"><div class=\"fusion-column-wrapper fusion-column-has-shadow fusion-flex-justify-content-flex-start fusion-content-layout-column\"><div class=\"fusion-image-element\" style=\"--awb-caption-title-font-family:var(--h2_typography-font-family);--awb-caption-title-font-weight:var(--h2_typography-font-weight);--awb-caption-title-font-style:var(--h2_typography-font-style);--awb-caption-title-size:var(--h2_typography-font-size);--awb-caption-title-transform:var(--h2_typography-text-transform);--awb-caption-title-line-height:var(--h2_typography-line-height);--awb-caption-title-letter-spacing:var(--h2_typography-letter-spacing);\"><span class=\"fusion-imageframe imageframe-none imageframe-1 hover-type-none\"><img decoding=\"async\" width=\"1900\" height=\"558\" title=\"IMTS slider-2026-ARS-top banner-hunt-alt\" src=\"https:\/\/acu-ritesolutions.com\/wp-content\/uploads\/2026\/04\/IMTS-slider-2026-ARS-top-banner-hunt-alt.png\" alt class=\"img-responsive wp-image-2207\" srcset=\"https:\/\/acu-ritesolutions.com\/wp-content\/uploads\/2026\/04\/IMTS-slider-2026-ARS-top-banner-hunt-alt-18x5.png 18w, https:\/\/acu-ritesolutions.com\/wp-content\/uploads\/2026\/04\/IMTS-slider-2026-ARS-top-banner-hunt-alt-300x88.png 300w, https:\/\/acu-ritesolutions.com\/wp-content\/uploads\/2026\/04\/IMTS-slider-2026-ARS-top-banner-hunt-alt-768x226.png 768w, https:\/\/acu-ritesolutions.com\/wp-content\/uploads\/2026\/04\/IMTS-slider-2026-ARS-top-banner-hunt-alt-1024x301.png 1024w, https:\/\/acu-ritesolutions.com\/wp-content\/uploads\/2026\/04\/IMTS-slider-2026-ARS-top-banner-hunt-alt-1536x451.png 1536w, https:\/\/acu-ritesolutions.com\/wp-content\/uploads\/2026\/04\/IMTS-slider-2026-ARS-top-banner-hunt-alt.png 1900w\" sizes=\"(max-width: 1900px) 100vw, 1900px\" \/><\/span><\/div><div style=\"text-align:center;\"><a class=\"fusion-button button-flat fusion-button-default-size button-default fusion-button-default button-1 fusion-button-default-span fusion-button-default-type\" style=\"--button_margin-top:25px;\" target=\"_self\" href=\"https:\/\/www.imts.com\/index.cfm\"><span class=\"fusion-button-text awb-button__text awb-button__text--default\">Mostrar detalles<\/span><\/a><\/div><\/div><\/div><\/div><\/div><div class=\"fusion-fullwidth fullwidth-box fusion-builder-row-3 fusion-flex-container has-pattern-background has-mask-background nonhundred-percent-fullwidth non-hundred-percent-height-scrolling\" style=\"--awb-border-radius-top-left:0px;--awb-border-radius-top-right:0px;--awb-border-radius-bottom-right:0px;--awb-border-radius-bottom-left:0px;--awb-flex-wrap:wrap;\" ><div class=\"fusion-builder-row fusion-row fusion-flex-align-items-flex-start fusion-flex-content-wrap\" style=\"max-width:1428.96px;margin-left: calc(-4% \/ 2 );margin-right: calc(-4% \/ 2 );\"><div class=\"fusion-layout-column fusion_builder_column fusion-builder-column-2 fusion_builder_column_3_4 3_4 fusion-flex-column\" style=\"--awb-bg-size:cover;--awb-width-large:75%;--awb-margin-top-large:0px;--awb-spacing-right-large:2.56%;--awb-margin-bottom-large:20px;--awb-spacing-left-large:2.56%;--awb-width-medium:75%;--awb-order-medium:0;--awb-spacing-right-medium:2.56%;--awb-spacing-left-medium:2.56%;--awb-width-small:100%;--awb-order-small:0;--awb-spacing-right-small:1.92%;--awb-spacing-left-small:1.92%;\"><div class=\"fusion-column-wrapper fusion-column-has-shadow fusion-flex-justify-content-flex-start fusion-content-layout-column\"><div class=\"fusion-image-element\" style=\"--awb-caption-title-font-family:var(--h2_typography-font-family);--awb-caption-title-font-weight:var(--h2_typography-font-weight);--awb-caption-title-font-style:var(--h2_typography-font-style);--awb-caption-title-size:var(--h2_typography-font-size);--awb-caption-title-transform:var(--h2_typography-text-transform);--awb-caption-title-line-height:var(--h2_typography-line-height);--awb-caption-title-letter-spacing:var(--h2_typography-letter-spacing);\"><span class=\"fusion-imageframe imageframe-none imageframe-2 hover-type-none\"><img decoding=\"async\" width=\"1900\" height=\"800\" title=\"PRI slider-2026-ARS-mostrar banner\" src=\"https:\/\/acu-ritesolutions.com\/wp-content\/uploads\/2025\/11\/PRI-slider-2026-ARS-show-banner.png\" alt class=\"img-responsive wp-image-2104\" srcset=\"https:\/\/acu-ritesolutions.com\/wp-content\/uploads\/2025\/11\/PRI-slider-2026-ARS-show-banner-18x8.png 18w, https:\/\/acu-ritesolutions.com\/wp-content\/uploads\/2025\/11\/PRI-slider-2026-ARS-show-banner-300x126.png 300w, https:\/\/acu-ritesolutions.com\/wp-content\/uploads\/2025\/11\/PRI-slider-2026-ARS-show-banner-768x323.png 768w, https:\/\/acu-ritesolutions.com\/wp-content\/uploads\/2025\/11\/PRI-slider-2026-ARS-show-banner-1024x431.png 1024w, https:\/\/acu-ritesolutions.com\/wp-content\/uploads\/2025\/11\/PRI-slider-2026-ARS-show-banner-1536x647.png 1536w, https:\/\/acu-ritesolutions.com\/wp-content\/uploads\/2025\/11\/PRI-slider-2026-ARS-show-banner.png 1900w\" sizes=\"(max-width: 1900px) 100vw, 1900px\" \/><\/span><\/div><\/div><\/div><div class=\"fusion-layout-column fusion_builder_column fusion-builder-column-3 fusion_builder_column_1_4 1_4 fusion-flex-column\" style=\"--awb-bg-size:cover;--awb-width-large:25%;--awb-margin-top-large:0px;--awb-spacing-right-large:7.68%;--awb-margin-bottom-large:20px;--awb-spacing-left-large:7.68%;--awb-width-medium:25%;--awb-order-medium:0;--awb-spacing-right-medium:7.68%;--awb-spacing-left-medium:7.68%;--awb-width-small:100%;--awb-order-small:0;--awb-spacing-right-small:1.92%;--awb-spacing-left-small:1.92%;\"><div class=\"fusion-column-wrapper fusion-column-has-shadow fusion-flex-justify-content-flex-start fusion-content-layout-column\"><div class=\"fusion-text fusion-text-2\"><h5>10-12 de diciembre de 2026<\/h5>\n<p>Centro de Convenciones de Indiana<br \/>\nIndian\u00e1polis, Indiana<br \/>\n<strong>Stand #TBD<\/strong><\/p>\n<\/div><div ><a class=\"fusion-button button-flat fusion-button-default-size button-default fusion-button-default button-2 fusion-button-default-span fusion-button-default-type\" target=\"_self\" href=\"https:\/\/www.performanceracing.com\/tradeshow\"><span class=\"fusion-button-text awb-button__text awb-button__text--default\">Mostrar detalles<\/span><\/a><\/div><\/div><\/div><\/div><\/div><\/p>","protected":false},"excerpt":{"rendered":"","protected":false},"author":3,"featured_media":0,"parent":86,"menu_order":0,"comment_status":"closed","ping_status":"closed","template":"100-width.php","meta":{"_acf_changed":false,"om_disable_all_campaigns":false,"_mc_calendar":[],"footnotes":""},"class_list":["post-1806","page","type-page","status-publish","hentry"],"acf":[],"yoast_head":"<!-- This site is optimized with the Yoast SEO plugin v27.1.1 - https:\/\/yoast.com\/product\/yoast-seo-wordpress\/ -->\n<title>Trade Shows &amp; Events | Acu-Rite Solutions<\/title>\n<meta name=\"description\" content=\"Stay informed about Acu-Rite Solutions&#039; upcoming trade shows and events, where you can explore our latest products and innovations in precision machining.\" \/>\n<meta name=\"robots\" content=\"index, follow, max-snippet:-1, max-image-preview:large, max-video-preview:-1\" \/>\n<link rel=\"canonical\" href=\"https:\/\/acu-ritesolutions.com\/es\/insights\/trade-shows-events\/\" \/>\n<meta property=\"og:locale\" content=\"es_MX\" \/>\n<meta property=\"og:type\" content=\"article\" \/>\n<meta property=\"og:title\" content=\"Trade Shows &amp; Events | Acu-Rite Solutions\" \/>\n<meta property=\"og:description\" content=\"Stay informed about Acu-Rite Solutions&#039; upcoming trade shows and events, where you can explore our latest products and innovations in precision machining.\" \/>\n<meta property=\"og:url\" content=\"https:\/\/acu-ritesolutions.com\/es\/insights\/trade-shows-events\/\" \/>\n<meta property=\"og:site_name\" content=\"Acu-Rite Solutions\" \/>\n<meta property=\"article:modified_time\" content=\"2026-04-02T13:32:20+00:00\" \/>\n<meta name=\"twitter:card\" content=\"summary_large_image\" \/>\n<meta name=\"twitter:label1\" content=\"Tiempo de lectura\" \/>\n\t<meta name=\"twitter:data1\" content=\"1 minuto\" \/>\n<script type=\"application\/ld+json\" class=\"yoast-schema-graph\">{\"@context\":\"https:\/\/schema.org\",\"@graph\":[{\"@type\":\"WebPage\",\"@id\":\"https:\/\/acu-ritesolutions.com\/insights\/trade-shows-events\/\",\"url\":\"https:\/\/acu-ritesolutions.com\/insights\/trade-shows-events\/\",\"name\":\"Trade Shows & Events | Acu-Rite Solutions\",\"isPartOf\":{\"@id\":\"https:\/\/acu-ritesolutions.com\/#website\"},\"datePublished\":\"2024-10-29T20:55:29+00:00\",\"dateModified\":\"2026-04-02T13:32:20+00:00\",\"description\":\"Stay informed about Acu-Rite Solutions' upcoming trade shows and events, where you can explore our latest products and innovations in precision machining.\",\"breadcrumb\":{\"@id\":\"https:\/\/acu-ritesolutions.com\/insights\/trade-shows-events\/#breadcrumb\"},\"inLanguage\":\"es\",\"potentialAction\":[{\"@type\":\"ReadAction\",\"target\":[\"https:\/\/acu-ritesolutions.com\/insights\/trade-shows-events\/\"]}]},{\"@type\":\"BreadcrumbList\",\"@id\":\"https:\/\/acu-ritesolutions.com\/insights\/trade-shows-events\/#breadcrumb\",\"itemListElement\":[{\"@type\":\"ListItem\",\"position\":1,\"name\":\"Home\",\"item\":\"https:\/\/acu-ritesolutions.com\/\"},{\"@type\":\"ListItem\",\"position\":2,\"name\":\"Insights\",\"item\":\"https:\/\/acu-ritesolutions.com\/insights\/\"},{\"@type\":\"ListItem\",\"position\":3,\"name\":\"Trade Shows &#038; Events\"}]},{\"@type\":\"WebSite\",\"@id\":\"https:\/\/acu-ritesolutions.com\/#website\",\"url\":\"https:\/\/acu-ritesolutions.com\/\",\"name\":\"Acu-Rite Solutions\",\"description\":\"Acu-Rite\",\"potentialAction\":[{\"@type\":\"SearchAction\",\"target\":{\"@type\":\"EntryPoint\",\"urlTemplate\":\"https:\/\/acu-ritesolutions.com\/?s={search_term_string}\"},\"query-input\":{\"@type\":\"PropertyValueSpecification\",\"valueRequired\":true,\"valueName\":\"search_term_string\"}}],\"inLanguage\":\"es\"}]}<\/script>\n<!-- \/ Yoast SEO plugin. -->","yoast_head_json":{"title":"Ferias y eventos | Soluciones Acu-Rite","description":"Mant\u00e9ngase informado sobre las pr\u00f3ximas ferias comerciales y eventos de Acu-Rite Solutions, donde podr\u00e1 explorar nuestros \u00faltimos productos e innovaciones en mecanizado de precisi\u00f3n.","robots":{"index":"index","follow":"follow","max-snippet":"max-snippet:-1","max-image-preview":"max-image-preview:large","max-video-preview":"max-video-preview:-1"},"canonical":"https:\/\/acu-ritesolutions.com\/es\/insights\/trade-shows-events\/","og_locale":"es_MX","og_type":"article","og_title":"Trade Shows & Events | Acu-Rite Solutions","og_description":"Stay informed about Acu-Rite Solutions' upcoming trade shows and events, where you can explore our latest products and innovations in precision machining.","og_url":"https:\/\/acu-ritesolutions.com\/es\/insights\/trade-shows-events\/","og_site_name":"Acu-Rite Solutions","article_modified_time":"2026-04-02T13:32:20+00:00","twitter_card":"summary_large_image","twitter_misc":{"Tiempo de lectura":"1 minuto"},"schema":{"@context":"https:\/\/schema.org","@graph":[{"@type":"WebPage","@id":"https:\/\/acu-ritesolutions.com\/insights\/trade-shows-events\/","url":"https:\/\/acu-ritesolutions.com\/insights\/trade-shows-events\/","name":"Ferias y eventos | Soluciones Acu-Rite","isPartOf":{"@id":"https:\/\/acu-ritesolutions.com\/#website"},"datePublished":"2024-10-29T20:55:29+00:00","dateModified":"2026-04-02T13:32:20+00:00","description":"Mant\u00e9ngase informado sobre las pr\u00f3ximas ferias comerciales y eventos de Acu-Rite Solutions, donde podr\u00e1 explorar nuestros \u00faltimos productos e innovaciones en mecanizado de precisi\u00f3n.","breadcrumb":{"@id":"https:\/\/acu-ritesolutions.com\/insights\/trade-shows-events\/#breadcrumb"},"inLanguage":"es","potentialAction":[{"@type":"ReadAction","target":["https:\/\/acu-ritesolutions.com\/insights\/trade-shows-events\/"]}]},{"@type":"BreadcrumbList","@id":"https:\/\/acu-ritesolutions.com\/insights\/trade-shows-events\/#breadcrumb","itemListElement":[{"@type":"ListItem","position":1,"name":"Home","item":"https:\/\/acu-ritesolutions.com\/"},{"@type":"ListItem","position":2,"name":"Insights","item":"https:\/\/acu-ritesolutions.com\/insights\/"},{"@type":"ListItem","position":3,"name":"Trade Shows &#038; Events"}]},{"@type":"WebSite","@id":"https:\/\/acu-ritesolutions.com\/#website","url":"https:\/\/acu-ritesolutions.com\/","name":"Soluciones Acu-Rite","description":"Acu-Rito","potentialAction":[{"@type":"SearchAction","target":{"@type":"EntryPoint","urlTemplate":"https:\/\/acu-ritesolutions.com\/?s={search_term_string}"},"query-input":{"@type":"PropertyValueSpecification","valueRequired":true,"valueName":"search_term_string"}}],"inLanguage":"es"}]}},"_links":{"self":[{"href":"https:\/\/acu-ritesolutions.com\/es\/wp-json\/wp\/v2\/pages\/1806","targetHints":{"allow":["GET"]}}],"collection":[{"href":"https:\/\/acu-ritesolutions.com\/es\/wp-json\/wp\/v2\/pages"}],"about":[{"href":"https:\/\/acu-ritesolutions.com\/es\/wp-json\/wp\/v2\/types\/page"}],"author":[{"embeddable":true,"href":"https:\/\/acu-ritesolutions.com\/es\/wp-json\/wp\/v2\/users\/3"}],"replies":[{"embeddable":true,"href":"https:\/\/acu-ritesolutions.com\/es\/wp-json\/wp\/v2\/comments?post=1806"}],"version-history":[{"count":0,"href":"https:\/\/acu-ritesolutions.com\/es\/wp-json\/wp\/v2\/pages\/1806\/revisions"}],"up":[{"embeddable":true,"href":"https:\/\/acu-ritesolutions.com\/es\/wp-json\/wp\/v2\/pages\/86"}],"wp:attachment":[{"href":"https:\/\/acu-ritesolutions.com\/es\/wp-json\/wp\/v2\/media?parent=1806"}],"curies":[{"name":"gracias","href":"https:\/\/api.w.org\/{rel}","templated":true}]}}