{"id":2044,"date":"2025-09-25T19:28:46","date_gmt":"2025-09-25T19:28:46","guid":{"rendered":"https:\/\/acu-ritesolutions.com\/?page_id=2044"},"modified":"2025-09-25T19:39:58","modified_gmt":"2025-09-25T19:39:58","slug":"videos","status":"publish","type":"page","link":"https:\/\/acu-ritesolutions.com\/es\/insights\/videos\/","title":{"rendered":"V\u00eddeos"},"content":{"rendered":"<p><div class=\"fusion-fullwidth fullwidth-box fusion-builder-row-1 fusion-flex-container nonhundred-percent-fullwidth non-hundred-percent-height-scrolling\" style=\"--awb-border-radius-top-left:0px;--awb-border-radius-top-right:0px;--awb-border-radius-bottom-right:0px;--awb-border-radius-bottom-left:0px;--awb-flex-wrap:wrap;\" ><div class=\"fusion-builder-row fusion-row fusion-flex-align-items-flex-start fusion-flex-content-wrap\" style=\"max-width:1428.96px;margin-left: calc(-4% \/ 2 );margin-right: calc(-4% \/ 2 );\"><div class=\"fusion-layout-column fusion_builder_column fusion-builder-column-0 fusion_builder_column_1_1 1_1 fusion-flex-column\" style=\"--awb-bg-blend:overlay;--awb-bg-size:cover;--awb-width-large:100%;--awb-margin-top-large:0px;--awb-spacing-right-large:1.92%;--awb-margin-bottom-large:0px;--awb-spacing-left-large:1.92%;--awb-width-medium:100%;--awb-spacing-right-medium:1.92%;--awb-spacing-left-medium:1.92%;--awb-width-small:100%;--awb-spacing-right-small:1.92%;--awb-spacing-left-small:1.92%;\"><div class=\"fusion-column-wrapper fusion-flex-justify-content-flex-start fusion-content-layout-column\"><div class=\"fusion-text fusion-text-1\"><p style=\"text-align: center;\">Vea c\u00f3mo Acu-Rite Solutions da vida a la precisi\u00f3n. Nuestros videos muestran DROs, controles CNC,<br \/>\ny soluciones de modernizaci\u00f3n en acci\u00f3n: ayudando a los maquinistas y educadores<br \/>\nTrabaje de forma m\u00e1s inteligente, m\u00e1s r\u00e1pida y m\u00e1s confiable<\/p>\n<\/div><div class=\"fusion-separator fusion-full-width-sep\" style=\"align-self: center;margin-left: auto;margin-right: auto;width:100%;\"><div class=\"fusion-separator-border sep-double\" style=\"--awb-height:20px;--awb-amount:20px;--awb-sep-color:var(--awb-color7);border-color:var(--awb-color7);border-top-width:1px;border-bottom-width:1px;\"><\/div><\/div><\/div><\/div><\/div><\/div><div class=\"fusion-fullwidth fullwidth-box fusion-builder-row-2 fusion-flex-container has-pattern-background has-mask-background nonhundred-percent-fullwidth non-hundred-percent-height-scrolling\" style=\"--awb-border-radius-top-left:0px;--awb-border-radius-top-right:0px;--awb-border-radius-bottom-right:0px;--awb-border-radius-bottom-left:0px;--awb-flex-wrap:wrap;\" ><div class=\"fusion-builder-row fusion-row fusion-flex-align-items-flex-start fusion-flex-content-wrap\" style=\"max-width:1428.96px;margin-left: calc(-4% \/ 2 );margin-right: calc(-4% \/ 2 );\"><div class=\"fusion-layout-column fusion_builder_column fusion-builder-column-1 fusion_builder_column_1_3 1_3 fusion-flex-column\" style=\"--awb-bg-size:cover;--awb-width-large:33.333333333333%;--awb-margin-top-large:0px;--awb-spacing-right-large:5.76%;--awb-margin-bottom-large:20px;--awb-spacing-left-large:5.76%;--awb-width-medium:33.333333333333%;--awb-order-medium:0;--awb-spacing-right-medium:5.76%;--awb-spacing-left-medium:5.76%;--awb-width-small:100%;--awb-order-small:0;--awb-spacing-right-small:1.92%;--awb-spacing-left-small:1.92%;\"><div class=\"fusion-column-wrapper fusion-column-has-shadow fusion-flex-justify-content-flex-start fusion-content-layout-column\"><div class=\"fusion-video fusion-youtube\" style=\"--awb-max-width:600px;--awb-max-height:360px;\"><div class=\"video-shortcode\"><div class=\"fluid-width-video-wrapper\" style=\"padding-top:60%;\" ><iframe title=\"Reproductor de v\u00eddeo de YouTube 1\" src=\"https:\/\/www.youtube.com\/embed\/zw4eozXCe70?wmode=transparent&autoplay=0&oida=1\" width=\"600\" height=\"360\" allowfullscreen allow=\"autoplay; clipboard-write; encrypted-media; gyroscope; picture-in-picture;\"><\/iframe><\/div><\/div><\/div><\/div><\/div><div class=\"fusion-layout-column fusion_builder_column fusion-builder-column-2 fusion_builder_column_1_3 1_3 fusion-flex-column\" style=\"--awb-bg-size:cover;--awb-width-large:33.333333333333%;--awb-margin-top-large:0px;--awb-spacing-right-large:5.76%;--awb-margin-bottom-large:20px;--awb-spacing-left-large:5.76%;--awb-width-medium:33.333333333333%;--awb-order-medium:0;--awb-spacing-right-medium:5.76%;--awb-spacing-left-medium:5.76%;--awb-width-small:100%;--awb-order-small:0;--awb-spacing-right-small:1.92%;--awb-spacing-left-small:1.92%;\"><div class=\"fusion-column-wrapper fusion-column-has-shadow fusion-flex-justify-content-flex-start fusion-content-layout-column\"><div class=\"fusion-video fusion-youtube\" style=\"--awb-max-width:600px;--awb-max-height:360px;\"><div class=\"video-shortcode\"><div class=\"fluid-width-video-wrapper\" style=\"padding-top:60%;\" ><iframe title=\"Reproductor de v\u00eddeo de YouTube 2\" src=\"https:\/\/www.youtube.com\/embed\/rZJ6JkEpoC0?wmode=transparent&autoplay=0&oida=1\" width=\"600\" height=\"360\" allowfullscreen allow=\"autoplay; clipboard-write; encrypted-media; gyroscope; picture-in-picture;\"><\/iframe><\/div><\/div><\/div><\/div><\/div><div class=\"fusion-layout-column fusion_builder_column fusion-builder-column-3 fusion_builder_column_1_3 1_3 fusion-flex-column\" style=\"--awb-bg-size:cover;--awb-width-large:33.333333333333%;--awb-margin-top-large:0px;--awb-spacing-right-large:5.76%;--awb-margin-bottom-large:20px;--awb-spacing-left-large:5.76%;--awb-width-medium:33.333333333333%;--awb-order-medium:0;--awb-spacing-right-medium:5.76%;--awb-spacing-left-medium:5.76%;--awb-width-small:100%;--awb-order-small:0;--awb-spacing-right-small:1.92%;--awb-spacing-left-small:1.92%;\"><div class=\"fusion-column-wrapper fusion-column-has-shadow fusion-flex-justify-content-flex-start fusion-content-layout-column\"><div class=\"fusion-video fusion-youtube\" style=\"--awb-max-width:600px;--awb-max-height:360px;\"><div class=\"video-shortcode\"><div class=\"fluid-width-video-wrapper\" style=\"padding-top:60%;\" ><iframe title=\"Reproductor de v\u00eddeo de YouTube 3\" src=\"https:\/\/www.youtube.com\/embed\/zvI7JruAXCs?wmode=transparent&autoplay=0&oida=1\" width=\"600\" height=\"360\" allowfullscreen allow=\"autoplay; clipboard-write; encrypted-media; gyroscope; picture-in-picture;\"><\/iframe><\/div><\/div><\/div><\/div><\/div><\/div><\/div><\/p>","protected":false},"excerpt":{"rendered":"","protected":false},"author":7,"featured_media":0,"parent":86,"menu_order":0,"comment_status":"closed","ping_status":"closed","template":"100-width.php","meta":{"_acf_changed":false,"om_disable_all_campaigns":false,"_mc_calendar":[],"footnotes":""},"class_list":["post-2044","page","type-page","status-publish","hentry"],"acf":[],"yoast_head":"<!-- This site is optimized with the Yoast SEO plugin v27.1.1 - https:\/\/yoast.com\/product\/yoast-seo-wordpress\/ -->\n<title>Videos - Acu-Rite Solutions<\/title>\n<meta name=\"description\" content=\"Explore Acu-Rite Solutions videos showcasing DROs, CNC controls, and training resources that simplify precision machining for shops and classrooms.\" \/>\n<meta name=\"robots\" content=\"index, follow, max-snippet:-1, max-image-preview:large, max-video-preview:-1\" \/>\n<link rel=\"canonical\" href=\"https:\/\/acu-ritesolutions.com\/es\/insights\/videos\/\" \/>\n<meta property=\"og:locale\" content=\"es_MX\" \/>\n<meta property=\"og:type\" content=\"article\" \/>\n<meta property=\"og:title\" content=\"Videos - Acu-Rite Solutions\" \/>\n<meta property=\"og:description\" content=\"Explore Acu-Rite Solutions videos showcasing DROs, CNC controls, and training resources that simplify precision machining for shops and classrooms.\" \/>\n<meta property=\"og:url\" content=\"https:\/\/acu-ritesolutions.com\/es\/insights\/videos\/\" \/>\n<meta property=\"og:site_name\" content=\"Acu-Rite Solutions\" \/>\n<meta property=\"article:modified_time\" content=\"2025-09-25T19:39:58+00:00\" \/>\n<meta name=\"twitter:card\" content=\"summary_large_image\" \/>\n<meta name=\"twitter:label1\" content=\"Tiempo de lectura\" \/>\n\t<meta name=\"twitter:data1\" content=\"1 minuto\" \/>\n<script type=\"application\/ld+json\" class=\"yoast-schema-graph\">{\"@context\":\"https:\/\/schema.org\",\"@graph\":[{\"@type\":\"WebPage\",\"@id\":\"https:\/\/acu-ritesolutions.com\/insights\/videos\/\",\"url\":\"https:\/\/acu-ritesolutions.com\/insights\/videos\/\",\"name\":\"Videos - Acu-Rite Solutions\",\"isPartOf\":{\"@id\":\"https:\/\/acu-ritesolutions.com\/#website\"},\"datePublished\":\"2025-09-25T19:28:46+00:00\",\"dateModified\":\"2025-09-25T19:39:58+00:00\",\"description\":\"Explore Acu-Rite Solutions videos showcasing DROs, CNC controls, and training resources that simplify precision machining for shops and classrooms.\",\"breadcrumb\":{\"@id\":\"https:\/\/acu-ritesolutions.com\/insights\/videos\/#breadcrumb\"},\"inLanguage\":\"es\",\"potentialAction\":[{\"@type\":\"ReadAction\",\"target\":[\"https:\/\/acu-ritesolutions.com\/insights\/videos\/\"]}]},{\"@type\":\"BreadcrumbList\",\"@id\":\"https:\/\/acu-ritesolutions.com\/insights\/videos\/#breadcrumb\",\"itemListElement\":[{\"@type\":\"ListItem\",\"position\":1,\"name\":\"Home\",\"item\":\"https:\/\/acu-ritesolutions.com\/\"},{\"@type\":\"ListItem\",\"position\":2,\"name\":\"Insights\",\"item\":\"https:\/\/acu-ritesolutions.com\/insights\/\"},{\"@type\":\"ListItem\",\"position\":3,\"name\":\"Videos\"}]},{\"@type\":\"WebSite\",\"@id\":\"https:\/\/acu-ritesolutions.com\/#website\",\"url\":\"https:\/\/acu-ritesolutions.com\/\",\"name\":\"Acu-Rite Solutions\",\"description\":\"Acu-Rite\",\"potentialAction\":[{\"@type\":\"SearchAction\",\"target\":{\"@type\":\"EntryPoint\",\"urlTemplate\":\"https:\/\/acu-ritesolutions.com\/?s={search_term_string}\"},\"query-input\":{\"@type\":\"PropertyValueSpecification\",\"valueRequired\":true,\"valueName\":\"search_term_string\"}}],\"inLanguage\":\"es\"}]}<\/script>\n<!-- \/ Yoast SEO plugin. -->","yoast_head_json":{"title":"V\u00eddeos - Soluciones Acu-Rite","description":"Explore los videos de Acu-Rite Solutions que muestran DRO, controles CNC y recursos de capacitaci\u00f3n que simplifican el mecanizado de precisi\u00f3n para talleres y aulas.","robots":{"index":"index","follow":"follow","max-snippet":"max-snippet:-1","max-image-preview":"max-image-preview:large","max-video-preview":"max-video-preview:-1"},"canonical":"https:\/\/acu-ritesolutions.com\/es\/insights\/videos\/","og_locale":"es_MX","og_type":"article","og_title":"Videos - Acu-Rite Solutions","og_description":"Explore Acu-Rite Solutions videos showcasing DROs, CNC controls, and training resources that simplify precision machining for shops and classrooms.","og_url":"https:\/\/acu-ritesolutions.com\/es\/insights\/videos\/","og_site_name":"Acu-Rite Solutions","article_modified_time":"2025-09-25T19:39:58+00:00","twitter_card":"summary_large_image","twitter_misc":{"Tiempo de lectura":"1 minuto"},"schema":{"@context":"https:\/\/schema.org","@graph":[{"@type":"WebPage","@id":"https:\/\/acu-ritesolutions.com\/insights\/videos\/","url":"https:\/\/acu-ritesolutions.com\/insights\/videos\/","name":"V\u00eddeos - Soluciones Acu-Rite","isPartOf":{"@id":"https:\/\/acu-ritesolutions.com\/#website"},"datePublished":"2025-09-25T19:28:46+00:00","dateModified":"2025-09-25T19:39:58+00:00","description":"Explore los videos de Acu-Rite Solutions que muestran DRO, controles CNC y recursos de capacitaci\u00f3n que simplifican el mecanizado de precisi\u00f3n para talleres y aulas.","breadcrumb":{"@id":"https:\/\/acu-ritesolutions.com\/insights\/videos\/#breadcrumb"},"inLanguage":"es","potentialAction":[{"@type":"ReadAction","target":["https:\/\/acu-ritesolutions.com\/insights\/videos\/"]}]},{"@type":"BreadcrumbList","@id":"https:\/\/acu-ritesolutions.com\/insights\/videos\/#breadcrumb","itemListElement":[{"@type":"ListItem","position":1,"name":"Home","item":"https:\/\/acu-ritesolutions.com\/"},{"@type":"ListItem","position":2,"name":"Insights","item":"https:\/\/acu-ritesolutions.com\/insights\/"},{"@type":"ListItem","position":3,"name":"Videos"}]},{"@type":"WebSite","@id":"https:\/\/acu-ritesolutions.com\/#website","url":"https:\/\/acu-ritesolutions.com\/","name":"Soluciones Acu-Rite","description":"Acu-Rito","potentialAction":[{"@type":"SearchAction","target":{"@type":"EntryPoint","urlTemplate":"https:\/\/acu-ritesolutions.com\/?s={search_term_string}"},"query-input":{"@type":"PropertyValueSpecification","valueRequired":true,"valueName":"search_term_string"}}],"inLanguage":"es"}]}},"_links":{"self":[{"href":"https:\/\/acu-ritesolutions.com\/es\/wp-json\/wp\/v2\/pages\/2044","targetHints":{"allow":["GET"]}}],"collection":[{"href":"https:\/\/acu-ritesolutions.com\/es\/wp-json\/wp\/v2\/pages"}],"about":[{"href":"https:\/\/acu-ritesolutions.com\/es\/wp-json\/wp\/v2\/types\/page"}],"author":[{"embeddable":true,"href":"https:\/\/acu-ritesolutions.com\/es\/wp-json\/wp\/v2\/users\/7"}],"replies":[{"embeddable":true,"href":"https:\/\/acu-ritesolutions.com\/es\/wp-json\/wp\/v2\/comments?post=2044"}],"version-history":[{"count":0,"href":"https:\/\/acu-ritesolutions.com\/es\/wp-json\/wp\/v2\/pages\/2044\/revisions"}],"up":[{"embeddable":true,"href":"https:\/\/acu-ritesolutions.com\/es\/wp-json\/wp\/v2\/pages\/86"}],"wp:attachment":[{"href":"https:\/\/acu-ritesolutions.com\/es\/wp-json\/wp\/v2\/media?parent=2044"}],"curies":[{"name":"gracias","href":"https:\/\/api.w.org\/{rel}","templated":true}]}}