{"id":398,"date":"2024-06-14T16:03:47","date_gmt":"2024-06-14T16:03:47","guid":{"rendered":"https:\/\/acuritemain.wpenginepowered.com\/?page_id=398"},"modified":"2025-06-25T20:11:56","modified_gmt":"2025-06-25T20:11:56","slug":"software-updates","status":"publish","type":"page","link":"https:\/\/acu-ritesolutions.com\/es\/support\/software-updates\/","title":{"rendered":"Actualizaciones de software"},"content":{"rendered":"<p><div class=\"fusion-fullwidth fullwidth-box fusion-builder-row-1 fusion-flex-container has-pattern-background has-mask-background nonhundred-percent-fullwidth non-hundred-percent-height-scrolling\" style=\"--awb-border-radius-top-left:0px;--awb-border-radius-top-right:0px;--awb-border-radius-bottom-right:0px;--awb-border-radius-bottom-left:0px;--awb-flex-wrap:wrap;\" ><div class=\"fusion-builder-row fusion-row fusion-flex-align-items-flex-start fusion-flex-content-wrap\" style=\"max-width:calc( 1374px + 30px );margin-left: calc(-30px \/ 2 );margin-right: calc(-30px \/ 2 );\"><div class=\"fusion-layout-column fusion_builder_column fusion-builder-column-0 fusion_builder_column_1_1 1_1 fusion-flex-column\" style=\"--awb-bg-size:cover;--awb-width-large:100%;--awb-margin-top-large:0px;--awb-spacing-right-large:15px;--awb-margin-bottom-large:50px;--awb-spacing-left-large:15px;--awb-width-medium:100%;--awb-order-medium:0;--awb-spacing-right-medium:15px;--awb-spacing-left-medium:15px;--awb-width-small:100%;--awb-order-small:0;--awb-spacing-right-small:15px;--awb-spacing-left-small:15px;\" data-scroll-devices=\"small-visibility,medium-visibility,large-visibility\"><div class=\"fusion-column-wrapper fusion-column-has-shadow fusion-flex-justify-content-flex-start fusion-content-layout-column\"><div class=\"fusion-title title fusion-title-1 fusion-sep-none fusion-title-text fusion-title-size-four\" style=\"--awb-text-color:var(--awb-color7);\"><h4 class=\"fusion-title-heading title-heading-left\" style=\"margin:0;\">Actualice su control o DRO de Acu-Rite Solutions con control CNC o lectura digital<\/h4><\/div><div class=\"fusion-text fusion-text-1\"><p>Publicamos actualizaciones de software con regularidad para que los productos de Acu-Rite Solutions satisfagan sus necesidades mucho despu\u00e9s de la compra. Las actualizaciones de software est\u00e1n disponibles primero en nuestro sitio web. Elija su tipo de producto para descargar e instalar la \u00faltima actualizaci\u00f3n.<\/p>\n<\/div><\/div><\/div><div class=\"fusion-layout-column fusion_builder_column fusion-builder-column-1 fusion_builder_column_1_2 1_2 fusion-flex-column fusion-flex-align-self-stretch\" style=\"--awb-bg-image:linear-gradient(180deg, var(--awb-color7) 0%,var(--awb-custom_color_1) 100%);--awb-bg-size:cover;--awb-width-large:50%;--awb-margin-top-large:0px;--awb-spacing-right-large:15px;--awb-margin-bottom-large:20px;--awb-spacing-left-large:15px;--awb-width-medium:50%;--awb-order-medium:0;--awb-spacing-right-medium:15px;--awb-spacing-left-medium:15px;--awb-width-small:100%;--awb-order-small:0;--awb-spacing-right-small:15px;--awb-spacing-left-small:15px;\" data-scroll-devices=\"small-visibility,medium-visibility,large-visibility\"><div class=\"fusion-column-wrapper fusion-column-has-shadow fusion-flex-justify-content-flex-start fusion-content-layout-column\"><div class=\"fusion-image-element\" style=\"--awb-max-width:100%;--awb-caption-title-font-family:var(--h2_typography-font-family);--awb-caption-title-font-weight:var(--h2_typography-font-weight);--awb-caption-title-font-style:var(--h2_typography-font-style);--awb-caption-title-size:var(--h2_typography-font-size);--awb-caption-title-transform:var(--h2_typography-text-transform);--awb-caption-title-line-height:var(--h2_typography-line-height);--awb-caption-title-letter-spacing:var(--h2_typography-letter-spacing);\"><span class=\"fusion-imageframe imageframe-none imageframe-1 hover-type-none product-images\"><img decoding=\"async\" width=\"594\" height=\"334\" title=\"Controla el producto de software compuesto2 1\" src=\"https:\/\/acu-ritesolutions.com\/wp-content\/uploads\/2024\/06\/Controls-software-product-composite2-1.png\" alt class=\"img-responsive wp-image-424\" srcset=\"https:\/\/acu-ritesolutions.com\/wp-content\/uploads\/2024\/06\/Controls-software-product-composite2-1-300x169.png 300w, https:\/\/acu-ritesolutions.com\/wp-content\/uploads\/2024\/06\/Controls-software-product-composite2-1.png 594w\" sizes=\"(max-width: 594px) 100vw, 594px\" \/><\/span><\/div><\/div><\/div><div class=\"fusion-layout-column fusion_builder_column fusion-builder-column-2 fusion_builder_column_1_2 1_2 fusion-flex-column fusion-flex-align-self-stretch\" style=\"--awb-bg-image:linear-gradient(180deg, var(--awb-color7) 0%,var(--awb-custom_color_1) 100%);--awb-bg-size:cover;--awb-width-large:50%;--awb-margin-top-large:0px;--awb-spacing-right-large:15px;--awb-margin-bottom-large:20px;--awb-spacing-left-large:15px;--awb-width-medium:50%;--awb-order-medium:0;--awb-spacing-right-medium:15px;--awb-spacing-left-medium:15px;--awb-width-small:100%;--awb-order-small:0;--awb-spacing-right-small:15px;--awb-spacing-left-small:15px;\" data-scroll-devices=\"small-visibility,medium-visibility,large-visibility\"><div class=\"fusion-column-wrapper fusion-column-has-shadow fusion-flex-justify-content-flex-start fusion-content-layout-column\"><div class=\"fusion-image-element\" style=\"--awb-margin-top:-10px;--awb-max-width:100%;--awb-caption-title-font-family:var(--h2_typography-font-family);--awb-caption-title-font-weight:var(--h2_typography-font-weight);--awb-caption-title-font-style:var(--h2_typography-font-style);--awb-caption-title-size:var(--h2_typography-font-size);--awb-caption-title-transform:var(--h2_typography-text-transform);--awb-caption-title-line-height:var(--h2_typography-line-height);--awb-caption-title-letter-spacing:var(--h2_typography-letter-spacing);\"><span class=\"fusion-imageframe imageframe-none imageframe-2 hover-type-none product-images\"><img decoding=\"async\" width=\"602\" height=\"339\" title=\"Producto de software DRO compuesto2 1\" src=\"https:\/\/acu-ritesolutions.com\/wp-content\/uploads\/2024\/06\/DROs-software-product-composite2-1.png\" alt class=\"img-responsive wp-image-425\" srcset=\"https:\/\/acu-ritesolutions.com\/wp-content\/uploads\/2024\/06\/DROs-software-product-composite2-1-600x339.png 600w, https:\/\/acu-ritesolutions.com\/wp-content\/uploads\/2024\/06\/DROs-software-product-composite2-1.png 602w\" sizes=\"(max-width: 640px) 100vw, 602px\" \/><\/span><\/div><\/div><\/div><div class=\"fusion-layout-column fusion_builder_column fusion-builder-column-3 fusion_builder_column_1_2 1_2 fusion-flex-column\" style=\"--awb-bg-size:cover;--awb-width-large:50%;--awb-margin-top-large:30px;--awb-spacing-right-large:15px;--awb-margin-bottom-large:20px;--awb-spacing-left-large:15px;--awb-width-medium:50%;--awb-order-medium:0;--awb-spacing-right-medium:15px;--awb-spacing-left-medium:15px;--awb-width-small:100%;--awb-order-small:0;--awb-spacing-right-small:15px;--awb-spacing-left-small:15px;\" data-scroll-devices=\"small-visibility,medium-visibility,large-visibility\"><div class=\"fusion-column-wrapper fusion-column-has-shadow fusion-flex-justify-content-flex-start fusion-content-layout-column\"><div ><a class=\"fusion-button button-flat fusion-button-default-size button-default fusion-button-default button-1 fusion-button-default-span fusion-button-default-type\" target=\"_self\" href=\"https:\/\/acu-ritesolutions.com\/es\/support\/software-updates\/controls\/\"><span class=\"fusion-button-text awb-button__text awb-button__text--default\">Actualizaciones del software de control de visualizaci\u00f3n<\/span><\/a><\/div><\/div><\/div><div class=\"fusion-layout-column fusion_builder_column fusion-builder-column-4 fusion_builder_column_1_2 1_2 fusion-flex-column\" style=\"--awb-bg-size:cover;--awb-width-large:50%;--awb-margin-top-large:30px;--awb-spacing-right-large:15px;--awb-margin-bottom-large:20px;--awb-spacing-left-large:15px;--awb-width-medium:50%;--awb-order-medium:0;--awb-spacing-right-medium:15px;--awb-spacing-left-medium:15px;--awb-width-small:100%;--awb-order-small:0;--awb-spacing-right-small:15px;--awb-spacing-left-small:15px;\" data-scroll-devices=\"small-visibility,medium-visibility,large-visibility\"><div class=\"fusion-column-wrapper fusion-column-has-shadow fusion-flex-justify-content-flex-start fusion-content-layout-column\"><div ><a class=\"fusion-button button-flat fusion-button-default-size button-default fusion-button-default button-2 fusion-button-default-span fusion-button-default-type\" target=\"_self\" href=\"https:\/\/acu-ritesolutions.com\/es\/support\/software-updates\/dros\/\"><span class=\"fusion-button-text awb-button__text awb-button__text--default\">Ver actualizaciones del software DRO<\/span><\/a><\/div><\/div><\/div><\/div><\/div><div class=\"fusion-fullwidth fullwidth-box fusion-builder-row-2 fusion-flex-container has-pattern-background has-mask-background nonhundred-percent-fullwidth non-hundred-percent-height-scrolling\" style=\"--awb-border-radius-top-left:0px;--awb-border-radius-top-right:0px;--awb-border-radius-bottom-right:0px;--awb-border-radius-bottom-left:0px;--awb-padding-top:120px;--awb-flex-wrap:wrap;\" ><div class=\"fusion-builder-row fusion-row fusion-flex-align-items-flex-start fusion-flex-content-wrap\" style=\"max-width:1428.96px;margin-left: calc(-4% \/ 2 );margin-right: calc(-4% \/ 2 );\"><div class=\"fusion-layout-column fusion_builder_column fusion-builder-column-5 fusion_builder_column_2_3 2_3 fusion-flex-column\" style=\"--awb-bg-size:cover;--awb-width-large:66.666666666667%;--awb-margin-top-large:0px;--awb-spacing-right-large:2.88%;--awb-margin-bottom-large:20px;--awb-spacing-left-large:2.88%;--awb-width-medium:66.666666666667%;--awb-order-medium:0;--awb-spacing-right-medium:2.88%;--awb-spacing-left-medium:2.88%;--awb-width-small:100%;--awb-order-small:0;--awb-spacing-right-small:1.92%;--awb-spacing-left-small:1.92%;\" data-scroll-devices=\"small-visibility,medium-visibility,large-visibility\"><div class=\"fusion-column-wrapper fusion-column-has-shadow fusion-flex-justify-content-flex-start fusion-content-layout-column\"><div class=\"fusion-title title fusion-title-2 fusion-sep-none fusion-title-text fusion-title-size-four\" style=\"--awb-text-color:var(--awb-color8);\"><h4 class=\"fusion-title-heading title-heading-left\" style=\"margin:0;\">\u00bfNecesita asistencia inmediata con el producto?<\/h4><\/div><div class=\"fusion-text fusion-text-2\"><p>Obtenga ayuda con los productos de Acu-Rite Solutions de los representantes de soporte t\u00e9cnico de HEIDENHAIN con sede en Am\u00e9rica del Norte.<\/p>\n<\/div><\/div><\/div><div class=\"fusion-layout-column fusion_builder_column fusion-builder-column-6 fusion_builder_column_1_2 1_2 fusion-flex-column\" style=\"--awb-bg-size:cover;--awb-width-large:50%;--awb-margin-top-large:0px;--awb-spacing-right-large:3.84%;--awb-margin-bottom-large:20px;--awb-spacing-left-large:3.84%;--awb-width-medium:50%;--awb-order-medium:0;--awb-spacing-right-medium:3.84%;--awb-spacing-left-medium:3.84%;--awb-width-small:100%;--awb-order-small:0;--awb-spacing-right-small:1.92%;--awb-spacing-left-small:1.92%;\"><div class=\"fusion-column-wrapper fusion-column-has-shadow fusion-flex-justify-content-flex-start fusion-content-layout-column\"><div class=\"fusion-title title fusion-title-3 fusion-sep-none fusion-title-text fusion-title-size-five\" style=\"--awb-text-color:var(--awb-color8);\"><h5 class=\"fusion-title-heading title-heading-left\" style=\"margin:0;\">Soporte telef\u00f3nico<\/h5><\/div><div class=\"fusion-text fusion-text-3\"><p><strong>Centro de llamadas de soporte t\u00e9cnico<\/strong><br \/>\nDisponible de 7:00 a. m. a 5:00 p. m., hora del centro de EE. UU.<\/p>\n<p>EE.UU: <a href=\"tel:(847) 490-1191\">(847) 490-1191<\/a><br \/>\nCanad\u00e1: <a href=\"tel:1 905 670 8900\">+1 905 670 8900<\/a><br \/>\nM\u00e9xico: <a href=\"tel:52 449 913 0870\">+52 449 913 0870<\/a><\/p>\n<\/div><div ><a class=\"fusion-button button-flat fusion-button-default-size button-default fusion-button-default button-3 fusion-button-default-span fusion-button-default-type\" target=\"_self\" href=\"https:\/\/acu-ritesolutions.com\/es\/support\/\"><span class=\"fusion-button-text awb-button__text awb-button__text--default\">Explorar todos los recursos de soporte<\/span><\/a><\/div><\/div><\/div><div class=\"fusion-layout-column fusion_builder_column fusion-builder-column-7 fusion_builder_column_1_2 1_2 fusion-flex-column\" style=\"--awb-bg-size:cover;--awb-width-large:50%;--awb-margin-top-large:0px;--awb-spacing-right-large:3.84%;--awb-margin-bottom-large:20px;--awb-spacing-left-large:3.84%;--awb-width-medium:50%;--awb-order-medium:0;--awb-spacing-right-medium:3.84%;--awb-spacing-left-medium:3.84%;--awb-width-small:100%;--awb-order-small:0;--awb-spacing-right-small:1.92%;--awb-spacing-left-small:1.92%;\"><div class=\"fusion-column-wrapper fusion-column-has-shadow fusion-flex-justify-content-flex-start fusion-content-layout-column\"><div class=\"fusion-title title fusion-title-4 fusion-sep-none fusion-title-text fusion-title-size-five\" style=\"--awb-text-color:var(--awb-color8);\"><h5 class=\"fusion-title-heading title-heading-left\" style=\"margin:0;\">Soporte por correo electr\u00f3nico<\/h5><\/div><div class=\"fusion-text fusion-text-4 margin-custom\"><p>Preguntas de servicio general: <a href=\"mailto:se*****@********in.com\" data-original-string=\"otA2bU7vCQNAqRichEnP6w==f2fBFL\/xeOURuiHfdis6KNwXDDCLwR4qWXVtiNHr4dO1Ak=\" title=\"Este contacto ha sido codificado por Anti-Spam de CleanTalk. Haga clic para decodificar. Para finalizar la decodificaci\u00f3n, aseg\u00farese de que JavaScript est\u00e9 habilitado en su navegador.\"><span \n                data-original-string='BlJ\/49wgcGP3mxqOc1oo1A==f2fk4NN+JwWQ\/9Xi83t0h4r3XXKtCsu\/nTw9lyxr8Jekno='\n                class='apbct-email-encoder'\n                title='Este contacto ha sido codificado por Anti-Spam de CleanTalk. Haga clic para decodificar. Para finalizar la decodificaci\u00f3n, aseg\u00farese de que JavaScript est\u00e9 habilitado en su navegador.'>s\u00ed<span class=\"apbct-blur\">*****<\/span>@<span class=\"apbct-blur\">********<\/span>en.com<\/span><\/a><\/p>\n<p>Sistemas de medici\u00f3n: <a href=\"mailto:te***********@********in.com\" data-original-string=\"CAtnLxI1c1YxbA8jaRN5pg==f2f3JtyFl6wWd5amRgVSLOlaRHXW7lzGCc8s9M5Zy17Lqs=\" title=\"Este contacto ha sido codificado por Anti-Spam de CleanTalk. Haga clic para decodificar. Para finalizar la decodificaci\u00f3n, aseg\u00farese de que JavaScript est\u00e9 habilitado en su navegador.\"><span \n                data-original-string='Wq7I5zKmI0BHBNH3regOqA==f2fo\/Pl1rXIn+\/cXGQ9iUtw0lAM0nVe52nxPEcWCRThHPs='\n                class='apbct-email-encoder'\n                title='Este contacto ha sido codificado por Anti-Spam de CleanTalk. Haga clic para decodificar. Para finalizar la decodificaci\u00f3n, aseg\u00farese de que JavaScript est\u00e9 habilitado en su navegador.'>te<span class=\"apbct-blur\">***********<\/span>@<span class=\"apbct-blur\">********<\/span>en.com<\/span>\u00a0<\/a><\/p>\n<p>Sistemas TNC: <a href=\"mailto:TN********@********in.com\" data-original-string=\"UlbLBQzJBFNyK62OQkfrxA==f2fY+F6S+GednPtKL1\/zw8GKd1fsCXQOp3ZVnOm6C76lZ4=\" title=\"Este contacto ha sido codificado por Anti-Spam de CleanTalk. Haga clic para decodificar. Para finalizar la decodificaci\u00f3n, aseg\u00farese de que JavaScript est\u00e9 habilitado en su navegador.\"><span \n                data-original-string='TPTWRvbgkVVi50yK1M77QQ==f2fzSFcYtzmpdMWa0ag1NQWW0IJmEvyU03odZxkiBFrVR4='\n                class='apbct-email-encoder'\n                title='Este contacto ha sido codificado por Anti-Spam de CleanTalk. Haga clic para decodificar. Para finalizar la decodificaci\u00f3n, aseg\u00farese de que JavaScript est\u00e9 habilitado en su navegador.'>Tennesse<span class=\"apbct-blur\">********<\/span>@<span class=\"apbct-blur\">********<\/span>en.com<\/span><\/a><\/p>\n<p>MILL<strong>PWR<sup>G2<\/sup><\/strong>: <a href=\"mailto:mi************@********in.com\" data-original-string=\"MoKt5Op7B2LvQ9yPv2PhNQ==f2fNMPM9B9TWtmqkal5KocKcHpeetucJEiGwQ+8fxELhCg=\" title=\"Este contacto ha sido codificado por Anti-Spam de CleanTalk. Haga clic para decodificar. Para finalizar la decodificaci\u00f3n, aseg\u00farese de que JavaScript est\u00e9 habilitado en su navegador.\"><span \n                data-original-string='HMS2A7Hqpy9ucw9C6p1ABA==f2fiPfAftNJGKeU6ZKU8JsQb8NgsbWofYPRmItfPpu9OwY='\n                class='apbct-email-encoder'\n                title='Este contacto ha sido codificado por Anti-Spam de CleanTalk. Haga clic para decodificar. Para finalizar la decodificaci\u00f3n, aseg\u00farese de que JavaScript est\u00e9 habilitado en su navegador.'>mi<span class=\"apbct-blur\">************<\/span>@<span class=\"apbct-blur\">********<\/span>en.com<\/span><\/a><\/p>\n<p>Administraci\u00f3n de servicios: <a href=\"mailto:Se************@********in.com\" data-original-string=\"NZJe53S8LzpcbvKR55RuPg==f2fpzYebnQynMsvkiz+w1rhZIP7Gh7YwS378JJt+Jaiv4A=\" title=\"Este contacto ha sido codificado por Anti-Spam de CleanTalk. Haga clic para decodificar. Para finalizar la decodificaci\u00f3n, aseg\u00farese de que JavaScript est\u00e9 habilitado en su navegador.\"><span \n                data-original-string='CwFpqV5LacHOItCUYBMPMQ==f2fzq8o9RVuRaJQSS6QrcZ5N5EhH+UrATYfksh7zTJmcyI='\n                class='apbct-email-encoder'\n                title='Este contacto ha sido codificado por Anti-Spam de CleanTalk. Haga clic para decodificar. Para finalizar la decodificaci\u00f3n, aseg\u00farese de que JavaScript est\u00e9 habilitado en su navegador.'>S\u00ed<span class=\"apbct-blur\">************<\/span>@<span class=\"apbct-blur\">********<\/span>en.com<\/span><\/a> (estado del pedido, facturaci\u00f3n, etc.)<\/p>\n<\/div><\/div><\/div><\/div><\/div><\/p>","protected":false},"excerpt":{"rendered":"","protected":false},"author":2,"featured_media":0,"parent":94,"menu_order":0,"comment_status":"closed","ping_status":"closed","template":"100-width.php","meta":{"_acf_changed":false,"om_disable_all_campaigns":false,"_mc_calendar":[],"footnotes":""},"class_list":["post-398","page","type-page","status-publish","hentry"],"acf":[],"yoast_head":"<!-- This site is optimized with the Yoast SEO plugin v27.1.1 - https:\/\/yoast.com\/product\/yoast-seo-wordpress\/ -->\n<title>Software Updates | Acu-Rite Solutions<\/title>\n<meta name=\"description\" content=\"Keep your Acu-Rite Solutions product up-to-date with software updates for CNC controls and digital readout systems. Get started here or contact us for support.\" \/>\n<meta name=\"robots\" content=\"index, follow, max-snippet:-1, max-image-preview:large, max-video-preview:-1\" \/>\n<link rel=\"canonical\" href=\"https:\/\/acu-ritesolutions.com\/es\/support\/software-updates\/\" \/>\n<meta property=\"og:locale\" content=\"es_MX\" \/>\n<meta property=\"og:type\" content=\"article\" \/>\n<meta property=\"og:title\" content=\"Software Updates | Acu-Rite Solutions\" \/>\n<meta property=\"og:description\" content=\"Keep your Acu-Rite Solutions product up-to-date with software updates for CNC controls and digital readout systems. Get started here or contact us for support.\" \/>\n<meta property=\"og:url\" content=\"https:\/\/acu-ritesolutions.com\/es\/support\/software-updates\/\" \/>\n<meta property=\"og:site_name\" content=\"Acu-Rite Solutions\" \/>\n<meta property=\"article:modified_time\" content=\"2025-06-25T20:11:56+00:00\" \/>\n<meta name=\"twitter:card\" content=\"summary_large_image\" \/>\n<meta name=\"twitter:label1\" content=\"Tiempo de lectura\" \/>\n\t<meta name=\"twitter:data1\" content=\"1 minuto\" \/>\n<script type=\"application\/ld+json\" class=\"yoast-schema-graph\">{\"@context\":\"https:\/\/schema.org\",\"@graph\":[{\"@type\":\"WebPage\",\"@id\":\"https:\/\/acu-ritesolutions.com\/support\/software-updates\/\",\"url\":\"https:\/\/acu-ritesolutions.com\/support\/software-updates\/\",\"name\":\"Software Updates | Acu-Rite Solutions\",\"isPartOf\":{\"@id\":\"https:\/\/acu-ritesolutions.com\/#website\"},\"datePublished\":\"2024-06-14T16:03:47+00:00\",\"dateModified\":\"2025-06-25T20:11:56+00:00\",\"description\":\"Keep your Acu-Rite Solutions product up-to-date with software updates for CNC controls and digital readout systems. Get started here or contact us for support.\",\"breadcrumb\":{\"@id\":\"https:\/\/acu-ritesolutions.com\/support\/software-updates\/#breadcrumb\"},\"inLanguage\":\"es\",\"potentialAction\":[{\"@type\":\"ReadAction\",\"target\":[\"https:\/\/acu-ritesolutions.com\/support\/software-updates\/\"]}]},{\"@type\":\"BreadcrumbList\",\"@id\":\"https:\/\/acu-ritesolutions.com\/support\/software-updates\/#breadcrumb\",\"itemListElement\":[{\"@type\":\"ListItem\",\"position\":1,\"name\":\"Home\",\"item\":\"https:\/\/acu-ritesolutions.com\/\"},{\"@type\":\"ListItem\",\"position\":2,\"name\":\"Support\",\"item\":\"https:\/\/acu-ritesolutions.com\/support\/\"},{\"@type\":\"ListItem\",\"position\":3,\"name\":\"Software Updates\"}]},{\"@type\":\"WebSite\",\"@id\":\"https:\/\/acu-ritesolutions.com\/#website\",\"url\":\"https:\/\/acu-ritesolutions.com\/\",\"name\":\"Acu-Rite Solutions\",\"description\":\"Acu-Rite\",\"potentialAction\":[{\"@type\":\"SearchAction\",\"target\":{\"@type\":\"EntryPoint\",\"urlTemplate\":\"https:\/\/acu-ritesolutions.com\/?s={search_term_string}\"},\"query-input\":{\"@type\":\"PropertyValueSpecification\",\"valueRequired\":true,\"valueName\":\"search_term_string\"}}],\"inLanguage\":\"es\"}]}<\/script>\n<!-- \/ Yoast SEO plugin. -->","yoast_head_json":{"title":"Software Updates | Acu-Rite Solutions","description":"Keep your Acu-Rite Solutions product up-to-date with software updates for CNC controls and digital readout systems. Get started here or contact us for support.","robots":{"index":"index","follow":"follow","max-snippet":"max-snippet:-1","max-image-preview":"max-image-preview:large","max-video-preview":"max-video-preview:-1"},"canonical":"https:\/\/acu-ritesolutions.com\/es\/support\/software-updates\/","og_locale":"es_MX","og_type":"article","og_title":"Software Updates | Acu-Rite Solutions","og_description":"Keep your Acu-Rite Solutions product up-to-date with software updates for CNC controls and digital readout systems. Get started here or contact us for support.","og_url":"https:\/\/acu-ritesolutions.com\/es\/support\/software-updates\/","og_site_name":"Acu-Rite Solutions","article_modified_time":"2025-06-25T20:11:56+00:00","twitter_card":"summary_large_image","twitter_misc":{"Tiempo de lectura":"1 minuto"},"schema":{"@context":"https:\/\/schema.org","@graph":[{"@type":"WebPage","@id":"https:\/\/acu-ritesolutions.com\/support\/software-updates\/","url":"https:\/\/acu-ritesolutions.com\/support\/software-updates\/","name":"Software Updates | Acu-Rite Solutions","isPartOf":{"@id":"https:\/\/acu-ritesolutions.com\/#website"},"datePublished":"2024-06-14T16:03:47+00:00","dateModified":"2025-06-25T20:11:56+00:00","description":"Keep your Acu-Rite Solutions product up-to-date with software updates for CNC controls and digital readout systems. Get started here or contact us for support.","breadcrumb":{"@id":"https:\/\/acu-ritesolutions.com\/support\/software-updates\/#breadcrumb"},"inLanguage":"es","potentialAction":[{"@type":"ReadAction","target":["https:\/\/acu-ritesolutions.com\/support\/software-updates\/"]}]},{"@type":"BreadcrumbList","@id":"https:\/\/acu-ritesolutions.com\/support\/software-updates\/#breadcrumb","itemListElement":[{"@type":"ListItem","position":1,"name":"Home","item":"https:\/\/acu-ritesolutions.com\/"},{"@type":"ListItem","position":2,"name":"Support","item":"https:\/\/acu-ritesolutions.com\/support\/"},{"@type":"ListItem","position":3,"name":"Software Updates"}]},{"@type":"WebSite","@id":"https:\/\/acu-ritesolutions.com\/#website","url":"https:\/\/acu-ritesolutions.com\/","name":"Soluciones Acu-Rite","description":"Acu-Rito","potentialAction":[{"@type":"SearchAction","target":{"@type":"EntryPoint","urlTemplate":"https:\/\/acu-ritesolutions.com\/?s={search_term_string}"},"query-input":{"@type":"PropertyValueSpecification","valueRequired":true,"valueName":"search_term_string"}}],"inLanguage":"es"}]}},"_links":{"self":[{"href":"https:\/\/acu-ritesolutions.com\/es\/wp-json\/wp\/v2\/pages\/398","targetHints":{"allow":["GET"]}}],"collection":[{"href":"https:\/\/acu-ritesolutions.com\/es\/wp-json\/wp\/v2\/pages"}],"about":[{"href":"https:\/\/acu-ritesolutions.com\/es\/wp-json\/wp\/v2\/types\/page"}],"author":[{"embeddable":true,"href":"https:\/\/acu-ritesolutions.com\/es\/wp-json\/wp\/v2\/users\/2"}],"replies":[{"embeddable":true,"href":"https:\/\/acu-ritesolutions.com\/es\/wp-json\/wp\/v2\/comments?post=398"}],"version-history":[{"count":0,"href":"https:\/\/acu-ritesolutions.com\/es\/wp-json\/wp\/v2\/pages\/398\/revisions"}],"up":[{"embeddable":true,"href":"https:\/\/acu-ritesolutions.com\/es\/wp-json\/wp\/v2\/pages\/94"}],"wp:attachment":[{"href":"https:\/\/acu-ritesolutions.com\/es\/wp-json\/wp\/v2\/media?parent=398"}],"curies":[{"name":"gracias","href":"https:\/\/api.w.org\/{rel}","templated":true}]}}